{"id":67,"date":"2024-02-15T07:33:28","date_gmt":"2024-02-15T07:33:28","guid":{"rendered":"https:\/\/hla.lt\/?page_id=67"},"modified":"2024-12-03T07:01:31","modified_gmt":"2024-12-03T07:01:31","slug":"susisiekime","status":"publish","type":"page","link":"https:\/\/hla.lt\/?page_id=67","title":{"rendered":"Susisiekime"},"content":{"rendered":"\n<p><strong>elektroniniu pa\u0161tu: hdasociacija@gmail.com<\/strong> <strong>arba tel. +370 690 25 819.<\/strong> <\/p>\n\n\n\n<p>ir susitarsime d\u0117l konsultacijos telefonu:<\/p>\n\n\n\n<p>Kauno apskrities koordinator\u0117 &#8211; \u017divil\u0117<\/p>\n\n\n\n<p>Alytaus apskrities koordinator\u0117 &#8211; Jurgita<\/p>\n\n\n\n<p>Klaip\u0117dos apskrities koordinatorius &#8211; Sigitas<\/p>\n\n\n\n<p>Vilniaus apskrities koordinator\u0117 &#8211; Aldona<\/p>\n\n\n\n<p>Marijampol\u0117s apskrities koordinator\u0117 &#8211; Auks\u0117<\/p>\n\n\n\n<p><\/p>\n\n\n\n<h2>Sekite mus facebook&#8217;e<\/h2>\n\n\n\n<p><a href=\"https:\/\/www.facebook.com\/huntingtonoligosasociacija\">https:\/\/www.facebook.com\/huntingtonoligosasociacija<\/a><\/p>\n","protected":false},"excerpt":{"rendered":"<p>elektroniniu pa\u0161tu: hdasociacija@gmail.com arba tel. +370 690 25 819. ir susitarsime d\u0117l konsultacijos telefonu: Kauno apskrities koordinator\u0117 &#8211; \u017divil\u0117 Alytaus apskrities koordinator\u0117 &#8211; Jurgita Klaip\u0117dos apskrities koordinatorius &#8211; Sigitas Vilniaus apskrities koordinator\u0117 &#8211; Aldona Marijampol\u0117s apskrities koordinator\u0117 &#8211; Auks\u0117 Sekite mus facebook&#8217;e https:\/\/www.facebook.com\/huntingtonoligosasociacija<\/p>\n","protected":false},"author":1,"featured_media":0,"parent":0,"menu_order":0,"comment_status":"closed","ping_status":"closed","template":"","meta":[],"_links":{"self":[{"href":"https:\/\/hla.lt\/index.php?rest_route=\/wp\/v2\/pages\/67"}],"collection":[{"href":"https:\/\/hla.lt\/index.php?rest_route=\/wp\/v2\/pages"}],"about":[{"href":"https:\/\/hla.lt\/index.php?rest_route=\/wp\/v2\/types\/page"}],"author":[{"embeddable":true,"href":"https:\/\/hla.lt\/index.php?rest_route=\/wp\/v2\/users\/1"}],"replies":[{"embeddable":true,"href":"https:\/\/hla.lt\/index.php?rest_route=%2Fwp%2Fv2%2Fcomments&post=67"}],"version-history":[{"count":8,"href":"https:\/\/hla.lt\/index.php?rest_route=\/wp\/v2\/pages\/67\/revisions"}],"predecessor-version":[{"id":163,"href":"https:\/\/hla.lt\/index.php?rest_route=\/wp\/v2\/pages\/67\/revisions\/163"}],"wp:attachment":[{"href":"https:\/\/hla.lt\/index.php?rest_route=%2Fwp%2Fv2%2Fmedia&parent=67"}],"curies":[{"name":"wp","href":"https:\/\/api.w.org\/{rel}","templated":true}]}}