{"id":59,"date":"2024-02-15T07:26:14","date_gmt":"2024-02-15T07:26:14","guid":{"rendered":"https:\/\/hla.lt\/?page_id=59"},"modified":"2025-11-25T18:22:20","modified_gmt":"2025-11-25T18:22:20","slug":"savarankiskam-skaitymui","status":"publish","type":"page","link":"https:\/\/hla.lt\/?page_id=59","title":{"rendered":"Straipsniai"},"content":{"rendered":"\n<p>2025 met\u0173 <\/p>\n\n\n\n<p><a href=\"https:\/\/www.kaunoklinikos.lt\/apie-mus\/naujienos\/ka-svarbu-zinoti-apie-huntingtono-liga-.html\">https:\/\/www.kaunoklinikos.lt\/apie-mus\/naujienos\/ka-svarbu-zinoti-apie-huntingtono-liga-.html<\/a><\/p>\n\n\n\n<p><a href=\"https:\/\/www.lrytas.lt\/sveikata\/ligos-ir-gydymas\/2025\/05\/05\/news\/paveldima-liga-issiduoda-vairuojant-simptomai-isryskeja-30-50-metu-zmonems-37704798\">https:\/\/www.lrytas.lt\/sveikata\/ligos-ir-gydymas\/2025\/05\/05\/news\/paveldima-liga-issiduoda-vairuojant-simptomai-isryskeja-30-50-metu-zmonems-37704798<\/a><\/p>\n\n\n\n<p><a href=\"https:\/\/www.lrytas.lt\/sveikata\/ligos-ir-gydymas\/2025\/02\/24\/news\/-as-sergu-huntingtono-liga-kaip-retu-ligu-simptomai-klaidina-zmones-ir-skatina-diskriminacija-36618915\">https:\/\/www.lrytas.lt\/sveikata\/ligos-ir-gydymas\/2025\/02\/24\/news\/-as-sergu-huntingtono-liga-kaip-retu-ligu-simptomai-klaidina-zmones-ir-skatina-diskriminacija-36618915<\/a><\/p>\n\n\n\n<p><a href=\"https:\/\/www.lrytas.lt\/sveikata\/ligos-ir-gydymas\/2025\/01\/19\/news\/medicina-nebebus-bejege-skelbia-svarbu-atradima-apie-nepagydoma-huntingtono-liga-36091425\">https:\/\/www.lrytas.lt\/sveikata\/ligos-ir-gydymas\/2025\/01\/19\/news\/medicina-nebebus-bejege-skelbia-svarbu-atradima-apie-nepagydoma-huntingtono-liga-36091425<\/a><\/p>\n\n\n\n<p><a rel=\"noreferrer noopener\" href=\"https:\/\/kaunas.kasvyksta.lt\/2025\/02\/24\/sveikata\/ragina-atkreipti-demesi-i-huntingtono-liga-ar-nori-zinoti\/\" target=\"_blank\">kaunas.kasvyksta.lt\/2025\/02\/24\/sveikata\/ragina-atkreipti-demesi-i-huntingtono-liga-ar-nori-zinoti\/<\/a><\/p>\n\n\n\n<p><a href=\"https:\/\/kaunas.kasvyksta.lt\/2025\/02\/24\/sveikata\/ragina-atkreipti-demesi-i-huntingtono-liga-ar-nori-zinoti\/\">https:\/\/kaunas.kasvyksta.lt\/2025\/02\/24\/sveikata\/ragina-atkreipti-demesi-i-huntingtono-liga-ar-nori-zinoti\/<\/a><\/p>\n\n\n\n<figure class=\"wp-block-embed is-type-wp-embed is-provider-lietuvos-mediatoriu-rumai wp-block-embed-lietuvos-mediatoriu-rumai\"><div class=\"wp-block-embed__wrapper\">\n<blockquote class=\"wp-embedded-content\" data-secret=\"YhFvTfclkU\"><a href=\"https:\/\/www.lmr.lt\/mediacija-tai-ne-tik-gincu-sprendimas-bet-ir-sudetingu-situaciju-pazinimas\/\">Mediacija &#8211; tai ne tik gin\u010d\u0173 sprendimas, bet ir sud\u0117ting\u0173 situacij\u0173 pa\u017einimas<\/a><\/blockquote><iframe class=\"wp-embedded-content\" sandbox=\"allow-scripts\" security=\"restricted\" style=\"position: absolute; clip: rect(1px, 1px, 1px, 1px);\" title=\"&#8220;Mediacija &#8211; tai ne tik gin\u010d\u0173 sprendimas, bet ir sud\u0117ting\u0173 situacij\u0173 pa\u017einimas&#8221; &#8212; Lietuvos mediatori\u0173 r\u016bmai\" src=\"https:\/\/www.lmr.lt\/mediacija-tai-ne-tik-gincu-sprendimas-bet-ir-sudetingu-situaciju-pazinimas\/embed\/#?secret=JZHMDFfS73#?secret=YhFvTfclkU\" data-secret=\"YhFvTfclkU\" width=\"600\" height=\"338\" frameborder=\"0\" marginwidth=\"0\" marginheight=\"0\" scrolling=\"no\"><\/iframe>\n<\/div><\/figure>\n\n\n\n<figure class=\"wp-block-embed is-type-wp-embed is-provider-ern-rnd-european-reference-network-on-rare-neurological-diseases wp-block-embed-ern-rnd-european-reference-network-on-rare-neurological-diseases\"><div class=\"wp-block-embed__wrapper\">\n<blockquote class=\"wp-embedded-content\" data-secret=\"Yu0AncJLHC\"><a href=\"https:\/\/www.ern-rnd.eu\/paciento-kelione-huntingtono-liga-hl\/\">Paciento kelion\u0117 &#8211; Huntingtono Liga (HL)<\/a><\/blockquote><iframe class=\"wp-embedded-content\" sandbox=\"allow-scripts\" security=\"restricted\" style=\"position: absolute; clip: rect(1px, 1px, 1px, 1px);\" title=\"&#8220;Paciento kelion\u0117 &#8211; Huntingtono Liga (HL)&#8221; &#8212; ERN-RND | European Reference Network on Rare Neurological Diseases\" src=\"https:\/\/www.ern-rnd.eu\/paciento-kelione-huntingtono-liga-hl\/embed\/#?secret=dGt3bgU6bp#?secret=Yu0AncJLHC\" data-secret=\"Yu0AncJLHC\" width=\"600\" height=\"338\" frameborder=\"0\" marginwidth=\"0\" marginheight=\"0\" scrolling=\"no\"><\/iframe>\n<\/div><\/figure>\n\n\n\n<p>2023 met\u0173 <\/p>\n\n\n\n<p><a href=\"https:\/\/www.tv3.lt\/naujiena\/gyvenimas\/mirus-jonavietes-vyrui-ta-pati-liga-smoge-ir-sunui-meldzia-tik-vieno-n1230132\">https:\/\/www.tv3.lt\/naujiena\/gyvenimas\/mirus-jonavietes-vyrui-ta-pati-liga-smoge-ir-sunui-meldzia-tik-vieno-n1230132<\/a><\/p>\n\n\n\n<p><a href=\"https:\/\/www.lrytas.lt\/sveikata\/ligos-ir-gydymas\/2023\/03\/11\/news\/ramunes-sirdies-skausmas-palaidojusi-vyra-suzinojo-kad-ta-pacia-liga-susirgo-ir-sunus-26360653\">https:\/\/www.lrytas.lt\/sveikata\/ligos-ir-gydymas\/2023\/03\/11\/news\/ramunes-sirdies-skausmas-palaidojusi-vyra-suzinojo-kad-ta-pacia-liga-susirgo-ir-sunus-26360653<\/a><\/p>\n\n\n\n<p>2019 met\u0173 konferencijos programa<\/p>\n\n\n\n<p><a href=\"https:\/\/www.mf.vu.lt\/images\/PROGRAMA_2019-05-03_NEW.pdf\">https:\/\/www.mf.vu.lt\/images\/PROGRAMA_2019-05-03_NEW.pdf<\/a><\/p>\n\n\n\n<p>2017 met\u0173 <\/p>\n\n\n\n<p><a href=\"https:\/\/www.santa.lt\/naujienos\/ka-girdejote-apie-hantingtono-liga\/\">https:\/\/www.santa.lt\/naujienos\/ka-girdejote-apie-hantingtono-liga\/<\/a><\/p>\n\n\n\n<p><a href=\"https:\/\/www.delfi.lt\/sveikata\/iveik-liga\/hantingtono-liga-stipriai-paankstino-senatve-74461610\">https:\/\/www.delfi.lt\/sveikata\/iveik-liga\/hantingtono-liga-stipriai-paankstino-senatve-74461610<\/a><\/p>\n\n\n\n<p>2016 met\u0173 konferencijos programa<\/p>\n\n\n\n<p>https:\/\/www.psichiatrija.lt\/up\/2016\/04\/HL_konferencija_programa_20160415.pdf <\/p>\n\n\n\n<p>2015 met\u0173 <\/p>\n\n\n\n<p><a href=\"https:\/\/www.sdg.lt\/puslapis\/sdg-begiku-komandai-jau-trecioji-kauno-miesto-mero-taure\">https:\/\/www.sdg.lt\/puslapis\/sdg-begiku-komandai-jau-trecioji-kauno-miesto-mero-taure<\/a><\/p>\n\n\n\n<p><a href=\"https:\/\/www.lrt.lt\/mediateka\/irasas\/1011764037\/arciau-manes-2015-06-28-07-30\">https:\/\/www.lrt.lt\/mediateka\/irasas\/1011764037\/arciau-manes-2015-06-28-07-30<\/a> &#8211; audio \u012fra\u0161as radijo laidoje &#8220;Ar\u010diau man\u0119s&#8221;<\/p>\n\n\n\n<p>2014 met\u0173 straipsniai<\/p>\n\n\n\n<p><a href=\"https:\/\/www.vdu.lt\/lt\/lietuvoje-steigiama-huntingtono-ligos-asociacija\/\">https:\/\/www.vdu.lt\/lt\/lietuvoje-steigiama-huntingtono-ligos-asociacija\/<\/a><\/p>\n\n\n\n<p><a href=\"https:\/\/www.vlmedicina.lt\/lt\/ieskomi-157-sergantys-huntingtono-liga-asmenys-arba-ju-seimos-nariai\">https:\/\/www.vlmedicina.lt\/lt\/ieskomi-157-sergantys-huntingtono-liga-asmenys-arba-ju-seimos-nariai<\/a><\/p>\n\n\n\n<p><\/p>\n\n\n\n<p><\/p>\n\n\n\n<p><strong>Huntingtono ligos tyrimai:<\/strong><\/p>\n\n\n\n<p><a href=\"https:\/\/en.hdbuzz.net\/\">https:\/\/en.hdbuzz.net\/<\/a><\/p>\n\n\n\n<p><a href=\"https:\/\/www.youtube.com\/@hdbuzzfeed\">https:\/\/www.youtube.com\/@hdbuzzfeed<\/a><\/p>\n","protected":false},"excerpt":{"rendered":"<p>2025 met\u0173 https:\/\/www.kaunoklinikos.lt\/apie-mus\/naujienos\/ka-svarbu-zinoti-apie-huntingtono-liga-.html https:\/\/www.lrytas.lt\/sveikata\/ligos-ir-gydymas\/2025\/05\/05\/news\/paveldima-liga-issiduoda-vairuojant-simptomai-isryskeja-30-50-metu-zmonems-37704798 https:\/\/www.lrytas.lt\/sveikata\/ligos-ir-gydymas\/2025\/02\/24\/news\/-as-sergu-huntingtono-liga-kaip-retu-ligu-simptomai-klaidina-zmones-ir-skatina-diskriminacija-36618915 https:\/\/www.lrytas.lt\/sveikata\/ligos-ir-gydymas\/2025\/01\/19\/news\/medicina-nebebus-bejege-skelbia-svarbu-atradima-apie-nepagydoma-huntingtono-liga-36091425 kaunas.kasvyksta.lt\/2025\/02\/24\/sveikata\/ragina-atkreipti-demesi-i-huntingtono-liga-ar-nori-zinoti\/ https:\/\/kaunas.kasvyksta.lt\/2025\/02\/24\/sveikata\/ragina-atkreipti-demesi-i-huntingtono-liga-ar-nori-zinoti\/ 2023 met\u0173 https:\/\/www.tv3.lt\/naujiena\/gyvenimas\/mirus-jonavietes-vyrui-ta-pati-liga-smoge-ir-sunui-meldzia-tik-vieno-n1230132 https:\/\/www.lrytas.lt\/sveikata\/ligos-ir-gydymas\/2023\/03\/11\/news\/ramunes-sirdies-skausmas-palaidojusi-vyra-suzinojo-kad-ta-pacia-liga-susirgo-ir-sunus-26360653 2019 met\u0173 konferencijos programa https:\/\/www.mf.vu.lt\/images\/PROGRAMA_2019-05-03_NEW.pdf 2017 met\u0173 https:\/\/www.santa.lt\/naujienos\/ka-girdejote-apie-hantingtono-liga\/ https:\/\/www.delfi.lt\/sveikata\/iveik-liga\/hantingtono-liga-stipriai-paankstino-senatve-74461610 2016 met\u0173 konferencijos programa https:\/\/www.psichiatrija.lt\/up\/2016\/04\/HL_konferencija_programa_20160415.pdf 2015 met\u0173 https:\/\/www.sdg.lt\/puslapis\/sdg-begiku-komandai-jau-trecioji-kauno-miesto-mero-taure https:\/\/www.lrt.lt\/mediateka\/irasas\/1011764037\/arciau-manes-2015-06-28-07-30 &#8211; audio \u012fra\u0161as radijo laidoje &#8220;Ar\u010diau man\u0119s&#8221; 2014 met\u0173 straipsniai https:\/\/www.vdu.lt\/lt\/lietuvoje-steigiama-huntingtono-ligos-asociacija\/ https:\/\/www.vlmedicina.lt\/lt\/ieskomi-157-sergantys-huntingtono-liga-asmenys-arba-ju-seimos-nariai Huntingtono ligos tyrimai: https:\/\/en.hdbuzz.net\/ https:\/\/www.youtube.com\/@hdbuzzfeed<\/p>\n","protected":false},"author":1,"featured_media":0,"parent":0,"menu_order":0,"comment_status":"closed","ping_status":"closed","template":"","meta":[],"_links":{"self":[{"href":"https:\/\/hla.lt\/index.php?rest_route=\/wp\/v2\/pages\/59"}],"collection":[{"href":"https:\/\/hla.lt\/index.php?rest_route=\/wp\/v2\/pages"}],"about":[{"href":"https:\/\/hla.lt\/index.php?rest_route=\/wp\/v2\/types\/page"}],"author":[{"embeddable":true,"href":"https:\/\/hla.lt\/index.php?rest_route=\/wp\/v2\/users\/1"}],"replies":[{"embeddable":true,"href":"https:\/\/hla.lt\/index.php?rest_route=%2Fwp%2Fv2%2Fcomments&post=59"}],"version-history":[{"count":14,"href":"https:\/\/hla.lt\/index.php?rest_route=\/wp\/v2\/pages\/59\/revisions"}],"predecessor-version":[{"id":243,"href":"https:\/\/hla.lt\/index.php?rest_route=\/wp\/v2\/pages\/59\/revisions\/243"}],"wp:attachment":[{"href":"https:\/\/hla.lt\/index.php?rest_route=%2Fwp%2Fv2%2Fmedia&parent=59"}],"curies":[{"name":"wp","href":"https:\/\/api.w.org\/{rel}","templated":true}]}}