{"id":57,"date":"2024-02-15T07:25:34","date_gmt":"2024-02-15T07:25:34","guid":{"rendered":"https:\/\/hla.lt\/?page_id=57"},"modified":"2024-12-03T08:42:14","modified_gmt":"2024-12-03T08:42:14","slug":"kokius-apsvarstyti-gyvenimo-pasirinkimus","status":"publish","type":"page","link":"https:\/\/hla.lt\/?page_id=57","title":{"rendered":"Kokius apsvarstyti gyvenimo pasirinkimus."},"content":{"rendered":"\n<h3>1. <strong>Genetinis konsultavimas ir testavimas<\/strong><\/h3>\n\n\n\n<p>Kadangi Huntingtono liga yra paveldima, svarbu apsvarstyti genetinio testavimo galimybes, ypa\u010d jei yra \u0161eimos istorijoje Huntingtono liga.<\/p>\n\n\n\n<ul>\n<li><strong>Genetinis testas<\/strong> gali pad\u0117ti su\u017einoti, ar \u017emogus paveld\u0117jo mutacij\u0105, ta\u010diau svarbu suvokti emocines pasekmes, nes testas gali sukelti nerim\u0105 d\u0117l ateities. Genetinis testavimas gali b\u016bti atliktas, kai simptomai dar n\u0117ra ai\u0161k\u016bs, bet tik nuo 18 + met\u0173. <\/li>\n\n\n\n<li><strong>Genetinis konsultavimas<\/strong> padeda apsvarstyti testavimo galimybes, paai\u0161kinti, kokios pasekm\u0117s gali kilti, ir padeda priimti sprendimus remiantis visapusi\u0161ka informacija.<\/li>\n<\/ul>\n\n\n\n<h3>2. <strong>Ligos eigos ir gydymo pasirinkimai<\/strong><\/h3>\n\n\n\n<p>Atsi\u017evelgiant \u012f tai, kad \u0161iuo metu n\u0117ra \u017einom\u0173 vaist\u0173, galin\u010di\u0173 i\u0161gydyti Huntingtono lig\u0105, svarbu apsvarstyti:<\/p>\n\n\n\n<ul>\n<li><strong>Simptom\u0173 valdymas<\/strong>: Kaip min\u0117ta anks\u010diau, vaistai gali pad\u0117ti kontroliuoti tam tikrus simptomus, tokius kaip chorea (nevalingi judesiai), depresija, nerimas ir emociniai sutrikimai. Svarbu pasitarti su gydytoju d\u0117l tinkamo vaist\u0173 re\u017eimo, kad b\u016bt\u0173 galima u\u017etikrinti gyvenimo kokyb\u0119. Atkreipti d\u0117mes\u012f, kad vaistai turi b\u016bti skiriami kaip b\u016btinyb\u0117 pagerinti gyvenimo kokyb\u0119.<\/li>\n\n\n\n<li><strong>Ergoterapija<\/strong>: Atsi\u017evelgiant \u012f ligos poveik\u012f motorikai ir kasdieniams \u012fg\u016bd\u017eiams, terapijos padeda i\u0161laikyti funkcij\u0105 kuo ilgiau. Tai apima \u012fvairias terapijas, skirtas koordinacijos, pusiausvyros ir motorini\u0173 \u012fg\u016bd\u017ei\u0173 palaikymui.<\/li>\n<\/ul>\n\n\n\n<h3>3. <strong>Emocin\u0117 ir psichologin\u0117 parama<\/strong><\/h3>\n\n\n\n<p>Emocinis palaikymas yra labai svarbus tiek pacientams, tiek j\u0173 \u0161eimoms, nes Huntingtono liga sukelia daug streso, nerimo ir kartais depresijos. Svarbu apsvarstyti \u0161iuos pasirinkimus:<\/p>\n\n\n\n<ul>\n<li><strong>Psichoterapija<\/strong>: Individualios arba grupin\u0117s terapijos gali pad\u0117ti spr\u0119sti emocinius sunkumus, susijusius su liga, tokiais kaip baim\u0117 d\u0117l ateities, depresija, li\u016bdesys ir nerimas.<\/li>\n\n\n\n<li><strong>Parama \u0161eimoms<\/strong>: \u0160eimos nariams taip pat svarbu gauti emocin\u0119 pagalb\u0105 ir konsultacijas, kad jie gal\u0117t\u0173 geriau r\u016bpintis sergan\u010diuoju ir tvarkytis su stresu, kuris kyla d\u0117l ligos.<\/li>\n<\/ul>\n\n\n\n<h3>4. <strong>Praktiniai sprendimai ir gyvenimo kokyb\u0117<\/strong><\/h3>\n\n\n\n<p>Kadangi Huntingtono liga progresuoja, pacientams ir j\u0173 \u0161eimoms reikia apsvarstyti \u012fvairius praktinius sprendimus, kad pagerint\u0173 gyvenimo kokyb\u0119 ir i\u0161laikyt\u0173 kuo daugiau nepriklausomyb\u0117s:<\/p>\n\n\n\n<ul>\n<li><strong>Nam\u0173 pritaikymas<\/strong>: Da\u017enai liga veikia jud\u0117jim\u0105 ir pusiausvyr\u0105, tod\u0117l namai turi b\u016bti pritaikyti, kad b\u016bt\u0173 suma\u017einta griuvim\u0173 rizika ir palengvintas kasdienis gyvenimas (pvz., turint tur\u0117klus, ne slystan\u010dias grindis, pagalbinius \u012frenginius).<\/li>\n\n\n\n<li><strong>Pagalba namuose<\/strong>: Kai ligos simptomai stipr\u0117ja, pacientams gali reik\u0117ti pagalbos kasdien\u0117se veiklose, pavyzd\u017eiui, maitinime, apsirengime, higienoje. <\/li>\n\n\n\n<li><strong>Teisiniai ir finansiniai klausimai<\/strong>: Kadangi Huntingtono liga gali pabloginti darbinius geb\u0117jimus, svarbu apsvarstyti galimyb\u0119 gauti <strong>ne\u012fgalumo pa\u0161alpas<\/strong> ar kit\u0105 param\u0105, taip pat pasir\u016bpinti <strong>testamentu<\/strong> ar <strong>teis\u0117s akt\u0173 dokumentais<\/strong>, kurie nustato, kas priims sprendimus, jei pacientas taps visi\u0161kai ne\u012fgaliu.<\/li>\n<\/ul>\n\n\n\n<h3>5. \u012esitraukimas \u012f Huntingtono ligos asociacijos veiklas<\/h3>\n\n\n\n<p>Huntingtono liga yra sud\u0117tinga ir da\u017enai nesuprasta liga, tod\u0117l svarbu gauti i\u0161sami\u0105 informacij\u0105:<\/p>\n\n\n\n<ul>\n<li>Suprasti, kaip Huntingtono liga vystosi, kaip ji veikia smegenis ir kaip j\u0105 galima valdyti, gali pad\u0117ti sergan\u010diajam ir jo \u0161eimai susidoroti su kasdieniais i\u0161\u0161\u016bkiais.<\/li>\n\n\n\n<li><strong>Palaikymo grup\u0117s<\/strong>: Dalyvavimas Huntingtono ligos pacient\u0173 ir j\u0173 \u0161eimos palaikymo grup\u0117se gali suteikti emocin\u0117s paramos, dalijimosi patirtimi ir praktini\u0173 patarim\u0173, kaip gyventi su \u0161ia liga.<\/li>\n<\/ul>\n\n\n\n<h3>6. <strong>Gyvenimo kokyb\u0117s palaikymas ir pasirinkimai d\u0117l pabaigos<\/strong><\/h3>\n\n\n\n<p>Huntingtono liga yra progresuojanti ir galutinai nepagydoma liga, tod\u0117l galimi sprendimai d\u0117l gyvenimo pabaigos turi b\u016bti apsvarstyti i\u0161 anksto:<\/p>\n\n\n\n<ul>\n<li><strong>Paliatyvi prie\u017ei\u016bra<\/strong>: Paliatyvi pagalba gali pad\u0117ti suma\u017einti skausm\u0105 ir pagerinti gyvenimo kokyb\u0119 paskutiniais gyvenimo etapais. Tai apima tiek fizin\u0119, tiek psichologin\u0119 pagalb\u0105, kad pacientas jaust\u0173si kuo patogiau ir oriau.<\/li>\n\n\n\n<li><strong>Eutanazija<\/strong>: Kai kuriose \u0161alyse, kuriose leid\u017eiama eutanazija (pvz., Nyderlanduose), asmenys su sunkia, nepagydoma liga gali apsvarstyti galimyb\u0119 pasirinkti eutanazij\u0105. Tai labai sud\u0117tingas ir asmeni\u0161kas sprendimas, kur\u012f reikia priimti po i\u0161samios konsultacijos su gydytojais, \u0161eima ir psichologais. Lietuvoje tai ne\u012fmanoma.<\/li>\n<\/ul>\n\n\n\n<h3>7. <strong>Socialin\u0117 parama ir bendruomen\u0117s pagalba<\/strong><\/h3>\n\n\n\n<p>Sociokult\u016brinis palaikymas ir bendruomen\u0117 gali tur\u0117ti didel\u0119 \u012ftak\u0105 pacientui ir jo \u0161eimai:<\/p>\n\n\n\n<ul>\n<li><strong>Bendruomen\u0117s parama<\/strong>: Dalyvavimas paramos organizacijose, savanori\u0161ka veikla ar kitos socialin\u0117s veiklos gali pad\u0117ti i\u0161laikyti ger\u0105 nuotaik\u0105 ir socialin\u012f ry\u0161\u012f.<\/li>\n\n\n\n<li><strong>\u0160eimos palaikymas<\/strong>: Viena svarbiausi\u0173 gyvenimo pasirinkim\u0173, susijusi\u0173 su Huntingtono liga, yra tai, kaip \u0161eima gali palaikyti ir r\u016bpintis sergan\u010diuoju, ta\u010diau da\u017enu atveju didesn\u0117s paramos reikia kitiems \u0161eimos nariams, kuriems taip pat tur\u0117t\u0173 b\u016bti u\u017etikrinta psichologin\u0117, socialin\u0117 parama.<\/li>\n<\/ul>\n\n\n\n<p><strong>PREIMPLANTACIN\u0116 GENETIN\u0116 DIAGNOSTIKA<\/strong><\/p>\n\n\n\n<p>Planuojantiems \u0161eim\u0105, bet turintiems rizika susirgti si\u016blome pasidom\u0117ti apie preimplantacin\u0119 genetin\u0119 diagnostik\u0105. <\/p>\n\n\n\n<p>Vilniaus Santaros klinikos prad\u0117jo teikti nauj\u0105 paslaug\u0105 \u2013 klinika pirmoji Lietuvoje gal\u0117s atlikti preimplantacin\u0119 genetin\u0119 diagnostik\u0105 (PGD). Tai \u2013 genetini\u0173 lig\u0173 tyrimas, kurio metu embrionams tiriamos i\u0161 t\u0117v\u0173 paveld\u0117tos genetin\u0117s ligos.<\/p>\n\n\n\n<p><\/p>\n\n\n\n<p>Skaitykite daugiau: https:\/\/www.15min.lt\/gyvenimas\/naujiena\/seima\/sostines-santaros-klinikose-galimybe-istirti-embrionus-del-paveldetu-ligu-1026-916152?copied<\/p>\n\n\n\n<p><\/p>\n\n\n\n<p>APTARKITE SU ARTIMAISIAIS <\/p>\n\n\n\n<p>J\u016bs\u0173 norus ir pageidavimus susijusius su ligos progresavimu. <\/p>\n","protected":false},"excerpt":{"rendered":"<p>1. Genetinis konsultavimas ir testavimas Kadangi Huntingtono liga yra paveldima, svarbu apsvarstyti genetinio testavimo galimybes, ypa\u010d jei yra \u0161eimos istorijoje Huntingtono liga. 2. Ligos eigos ir gydymo pasirinkimai Atsi\u017evelgiant \u012f tai, kad \u0161iuo metu n\u0117ra \u017einom\u0173 vaist\u0173, galin\u010di\u0173 i\u0161gydyti Huntingtono lig\u0105, svarbu apsvarstyti: 3. Emocin\u0117 ir psichologin\u0117 parama Emocinis palaikymas yra labai svarbus tiek pacientams,<span class=\"post-excerpt-end\">&hellip;<\/span><\/p>\n<p class=\"more-link\"><a href=\"https:\/\/hla.lt\/?page_id=57\" class=\"themebutton\">Read More<\/a><\/p>\n","protected":false},"author":1,"featured_media":0,"parent":0,"menu_order":0,"comment_status":"closed","ping_status":"closed","template":"","meta":[],"_links":{"self":[{"href":"https:\/\/hla.lt\/index.php?rest_route=\/wp\/v2\/pages\/57"}],"collection":[{"href":"https:\/\/hla.lt\/index.php?rest_route=\/wp\/v2\/pages"}],"about":[{"href":"https:\/\/hla.lt\/index.php?rest_route=\/wp\/v2\/types\/page"}],"author":[{"embeddable":true,"href":"https:\/\/hla.lt\/index.php?rest_route=\/wp\/v2\/users\/1"}],"replies":[{"embeddable":true,"href":"https:\/\/hla.lt\/index.php?rest_route=%2Fwp%2Fv2%2Fcomments&post=57"}],"version-history":[{"count":4,"href":"https:\/\/hla.lt\/index.php?rest_route=\/wp\/v2\/pages\/57\/revisions"}],"predecessor-version":[{"id":181,"href":"https:\/\/hla.lt\/index.php?rest_route=\/wp\/v2\/pages\/57\/revisions\/181"}],"wp:attachment":[{"href":"https:\/\/hla.lt\/index.php?rest_route=%2Fwp%2Fv2%2Fmedia&parent=57"}],"curies":[{"name":"wp","href":"https:\/\/api.w.org\/{rel}","templated":true}]}}