{"id":53,"date":"2024-02-15T07:20:21","date_gmt":"2024-02-15T07:20:21","guid":{"rendered":"https:\/\/hla.lt\/?page_id=53"},"modified":"2024-12-03T08:30:24","modified_gmt":"2024-12-03T08:30:24","slug":"ka-galime-padaryti-kad-palengvintume-ligos-simptomus-kokius-apsvarstyti-gyvenimo-pasirinkimus","status":"publish","type":"page","link":"https:\/\/hla.lt\/?page_id=53","title":{"rendered":"K\u0105 galime padaryti, kad palengvintume ligos simptomus?"},"content":{"rendered":"\n<p><strong>Huntingtono liga<\/strong> (HL) yra reta, geneti\u0161kai paveldima neurodegeneracin\u0117 liga, pa\u017eeid\u017eianti smegen\u0173 l\u0105steles ir sukelianti rimtus jud\u0117jimo, pa\u017einimo ir elgesio sutrikimus. Liga da\u017eniausiai pasirei\u0161kia suaugusiesiems, ta\u010diau taip pat gali pasireik\u0161ti ir vaikams (juvenilin\u0117 forma).<\/p>\n\n\n\n<p><strong>Liga ir jos eiga<\/strong><\/p>\n\n\n\n<p>Huntingtono liga paprastai prasideda vidutinio am\u017eiaus (apie 30\u201340 met\u0173), ta\u010diau kai kuriais atvejais ji gali pasireik\u0161ti anks\u010diau arba v\u0117liau (juvenilin\u0117 forma pasirei\u0161kia vaikams ir paaugliams). Liga paprastai progresuoja per 10\u201320 met\u0173 ir galiausiai gali sukelti visi\u0161k\u0105 negal\u0117jim\u0105 savaranki\u0161kai gyventi, kalb\u0117ti, vaik\u0161\u010dioti ir maitintis.<\/p>\n\n\n\n<p>Paskutiniais ligos etapais asmuo gali tapti visi\u0161kai ne\u012fgalus, da\u017eniausiai mir\u0161ta d\u0117l <strong>komplikacij\u0173<\/strong>, toki\u0173 kaip <strong>griuvimo traumos<\/strong>, <strong>pneumonija<\/strong> arba <strong>savi\u017eudyb\u0117s<\/strong>. Ligos trukm\u0117 da\u017enai siekia nuo 10 iki 15 met\u0173, ta\u010diau gali b\u016bti ir ilgesn\u0117.<\/p>\n\n\n\n<h3><strong>Gydymas<\/strong><\/h3>\n\n\n\n<p>N\u0117ra \u017einomo vaisto, kuris gal\u0117t\u0173 i\u0161gydyti Huntingtono lig\u0105. Ta\u010diau galima valdyti simptomus:<\/p>\n\n\n\n<ol>\n<li><strong>Medikamentai<\/strong>:\n<ul>\n<li>Medikamentai naudojami chor\u0117jai (nevalingiems judesiams) ma\u017einti &#8212;&#8212;&#8212;<strong>JEIGU JIE LABAI LABAI TRUKDO KASDIENINIAME GYVENIME!!!<\/strong>)&#8212;&#8212;&#8212;&#8212;&#8212;&#8212;&#8212;&#8212;&#8212;&#8212;. Atkreipti d\u0117mes\u012f tiek gydytojams tiek \u0161eimos nariams, kad vaist\u0173 skirimas privalo b\u016bti atsakingas ir tiktai tuomet, kuomet yra ypatinga <strong>B\u016aTINYB\u0116. <\/strong><\/li>\n\n\n\n<li>Medikamentai padedantys kontroliuoti depresij\u0105, nerim\u0105 ir dirglum\u0105.<\/li>\n<\/ul>\n<\/li>\n\n\n\n<li><strong>Kognityvin\u0117 terapija<\/strong> gali pad\u0117ti su pa\u017eintiniais sutrikimais.<\/li>\n\n\n\n<li><strong>Fizinis ir ergoterapija<\/strong>: \u0160ios terapijos padeda i\u0161laikyti fizin\u0119 funkcij\u0105 ir pagerinti gyvenimo kokyb\u0119.<\/li>\n\n\n\n<li><strong>Psichosocialin\u0117 pagalba<\/strong>: D\u0117l sunkios emocin\u0117s ir psichologin\u0117s ligos na\u0161tos, psichoterapija ir socialin\u0117 parama yra svarb\u016bs tiek pacientui, tiek jo \u0161eimai.<\/li>\n\n\n\n<li><strong>Didelio kaloringumo maistas<\/strong><\/li>\n\n\n\n<li><strong>Logopedo terapija<\/strong><\/li>\n\n\n\n<li><strong>Muzikos terapija<\/strong><\/li>\n\n\n\n<li><strong>B grup\u0117s vitaminai, maistas.<\/strong><\/li>\n\n\n\n<li><strong>M\u0117gavimasis gyvenimu<\/strong> <\/li>\n<\/ol>\n\n\n\n<p><strong>Pasitarkite su gydytoju d\u0117l vaist\u0173 vartojimo &#8211; atminkite, kad vaistus turime skirti bei vartoti atsakingai atsi\u017evelgiant \u012f tai ar vaistai <em>pagerina gyvenimo kokyb\u0119. <\/em><\/strong><\/p>\n\n\n\n<p><\/p>\n\n\n\n<p><\/p>\n","protected":false},"excerpt":{"rendered":"<p>Huntingtono liga (HL) yra reta, geneti\u0161kai paveldima neurodegeneracin\u0117 liga, pa\u017eeid\u017eianti smegen\u0173 l\u0105steles ir sukelianti rimtus jud\u0117jimo, pa\u017einimo ir elgesio sutrikimus. Liga da\u017eniausiai pasirei\u0161kia suaugusiesiems, ta\u010diau taip pat gali pasireik\u0161ti ir vaikams (juvenilin\u0117 forma). Liga ir jos eiga Huntingtono liga paprastai prasideda vidutinio am\u017eiaus (apie 30\u201340 met\u0173), ta\u010diau kai kuriais atvejais ji gali pasireik\u0161ti anks\u010diau arba<span class=\"post-excerpt-end\">&hellip;<\/span><\/p>\n<p class=\"more-link\"><a href=\"https:\/\/hla.lt\/?page_id=53\" class=\"themebutton\">Read More<\/a><\/p>\n","protected":false},"author":1,"featured_media":0,"parent":0,"menu_order":0,"comment_status":"closed","ping_status":"closed","template":"","meta":[],"_links":{"self":[{"href":"https:\/\/hla.lt\/index.php?rest_route=\/wp\/v2\/pages\/53"}],"collection":[{"href":"https:\/\/hla.lt\/index.php?rest_route=\/wp\/v2\/pages"}],"about":[{"href":"https:\/\/hla.lt\/index.php?rest_route=\/wp\/v2\/types\/page"}],"author":[{"embeddable":true,"href":"https:\/\/hla.lt\/index.php?rest_route=\/wp\/v2\/users\/1"}],"replies":[{"embeddable":true,"href":"https:\/\/hla.lt\/index.php?rest_route=%2Fwp%2Fv2%2Fcomments&post=53"}],"version-history":[{"count":5,"href":"https:\/\/hla.lt\/index.php?rest_route=\/wp\/v2\/pages\/53\/revisions"}],"predecessor-version":[{"id":179,"href":"https:\/\/hla.lt\/index.php?rest_route=\/wp\/v2\/pages\/53\/revisions\/179"}],"wp:attachment":[{"href":"https:\/\/hla.lt\/index.php?rest_route=%2Fwp%2Fv2%2Fmedia&parent=53"}],"curies":[{"name":"wp","href":"https:\/\/api.w.org\/{rel}","templated":true}]}}