{"id":238,"date":"2025-11-25T18:13:15","date_gmt":"2025-11-25T18:13:15","guid":{"rendered":"https:\/\/hla.lt\/?page_id=238"},"modified":"2025-11-25T18:13:18","modified_gmt":"2025-11-25T18:13:18","slug":"parama","status":"publish","type":"page","link":"https:\/\/hla.lt\/?page_id=238","title":{"rendered":"Parama"},"content":{"rendered":"\n<p>B\u016btume d\u0117kingi u\u017e param\u0105 Huntingtono ligos asociacijai (savanoriavimas ar finansin\u0117 parama).<\/p>\n\n\n\n<p>D\u0117l savanoriavimo susisiekime el.pa\u0161tu: hdasociacija@gmail.com<\/p>\n\n\n\n<p>&#8230;&#8230;&#8230;&#8230;&#8230;&#8230;&#8230;&#8230;&#8230;&#8230;&#8230;&#8230;&#8230;&#8230;&#8230;&#8230;&#8230;&#8230;&#8230;&#8230;&#8230;&#8230;.<\/p>\n\n\n\n<p>Finansin\u0119 param\u0105 galite pervesti:<\/p>\n\n\n\n<p><strong>Huntingtono ligos asociacija<\/strong><\/p>\n\n\n\n<p><strong>LT067300010156513231<\/strong><\/p>\n\n\n\n<p>Swedbank <\/p>\n\n\n\n<p><em>J\u016bs\u0173 nario mokestis (<strong>simbolinis 12 eur. per metus<\/strong>) arba J\u016bs\u0173 pasirinkta <strong>finansin\u0117 neribota auka<\/strong> yra skiriama Huntingtono ligos asociacijos veiklai u\u017etikrinti bei asociacijos nari\u0173 \u0161vietimui, psichologinei pagalbai ir teisi\u0173 atstovavimui.<\/em><\/p>\n\n\n\n<p>Huntingtono ligos asociacijos kodas <em>303430896<\/em><\/p>\n","protected":false},"excerpt":{"rendered":"<p>B\u016btume d\u0117kingi u\u017e param\u0105 Huntingtono ligos asociacijai (savanoriavimas ar finansin\u0117 parama). D\u0117l savanoriavimo susisiekime el.pa\u0161tu: hdasociacija@gmail.com &#8230;&#8230;&#8230;&#8230;&#8230;&#8230;&#8230;&#8230;&#8230;&#8230;&#8230;&#8230;&#8230;&#8230;&#8230;&#8230;&#8230;&#8230;&#8230;&#8230;&#8230;&#8230;. Finansin\u0119 param\u0105 galite pervesti: Huntingtono ligos asociacija LT067300010156513231 Swedbank J\u016bs\u0173 nario mokestis (simbolinis 12 eur. per metus) arba J\u016bs\u0173 pasirinkta finansin\u0117 neribota auka yra skiriama Huntingtono ligos asociacijos veiklai u\u017etikrinti bei asociacijos nari\u0173 \u0161vietimui, psichologinei pagalbai ir teisi\u0173<span class=\"post-excerpt-end\">&hellip;<\/span><\/p>\n<p class=\"more-link\"><a href=\"https:\/\/hla.lt\/?page_id=238\" class=\"themebutton\">Read More<\/a><\/p>\n","protected":false},"author":1,"featured_media":0,"parent":0,"menu_order":0,"comment_status":"closed","ping_status":"closed","template":"","meta":[],"_links":{"self":[{"href":"https:\/\/hla.lt\/index.php?rest_route=\/wp\/v2\/pages\/238"}],"collection":[{"href":"https:\/\/hla.lt\/index.php?rest_route=\/wp\/v2\/pages"}],"about":[{"href":"https:\/\/hla.lt\/index.php?rest_route=\/wp\/v2\/types\/page"}],"author":[{"embeddable":true,"href":"https:\/\/hla.lt\/index.php?rest_route=\/wp\/v2\/users\/1"}],"replies":[{"embeddable":true,"href":"https:\/\/hla.lt\/index.php?rest_route=%2Fwp%2Fv2%2Fcomments&post=238"}],"version-history":[{"count":1,"href":"https:\/\/hla.lt\/index.php?rest_route=\/wp\/v2\/pages\/238\/revisions"}],"predecessor-version":[{"id":240,"href":"https:\/\/hla.lt\/index.php?rest_route=\/wp\/v2\/pages\/238\/revisions\/240"}],"wp:attachment":[{"href":"https:\/\/hla.lt\/index.php?rest_route=%2Fwp%2Fv2%2Fmedia&parent=238"}],"curies":[{"name":"wp","href":"https:\/\/api.w.org\/{rel}","templated":true}]}}