{"id":2,"date":"2022-12-19T07:53:25","date_gmt":"2022-12-19T07:53:25","guid":{"rendered":"http:\/\/hla.lt\/?page_id=2"},"modified":"2026-03-26T08:06:00","modified_gmt":"2026-03-26T08:06:00","slug":"sample-page","status":"publish","type":"page","link":"https:\/\/hla.lt\/","title":{"rendered":"Huntingtono ligos asociacija"},"content":{"rendered":"\n<p>Huntingtono ligos asociacija vienija sergan\u010diuosius, j\u0173 \u0161eimos narius bei medicinos personal\u0105 visose Lietuvos apskrityse. <\/p>\n\n\n\n<p>Nor\u0117dami pasikonsultuoti, i\u0161sipasakoti, pasitarti ar susitikti su esan\u010diu J\u016bs\u0173 apskrityje koordinatoriumi galite para\u0161yti mums el.pa\u0161tu: <strong>hdasociacija@gmail.com arba tel. +370 690 25 819.<\/strong><\/p>\n\n\n\n<p><\/p>\n\n\n\n<p>Konfidencialumas garantuojamas.  <\/p>\n\n\n\n<p><\/p>\n\n\n\n<p>&#8230;&#8230;&#8230;&#8230;&#8230;&#8230;&#8230;&#8230;&#8230;&#8230;&#8230;&#8230;&#8230;&#8230;&#8230;&#8230;&#8230;&#8230;&#8230;&#8230;&#8230;&#8230;&#8230;&#8230;&#8230;&#8230;&#8230;&#8230;&#8230;&#8230;&#8230;&#8230;&#8230;&#8230;&#8230;&#8230;&#8230;&#8230;&#8230;&#8230;&#8230;&#8230;&#8230;&#8230;&#8230;&#8230;&#8230;&#8230;&#8230;&#8230;&#8230;&#8230;&#8230;&#8230;&#8230;&#8230;&#8230;&#8230;&#8230;&#8230;&#8230;&#8230;&#8230;&#8230;&#8230;&#8230;..<\/p>\n\n\n\n<p>Steb\u0117kite Hungtingtono ligos asociacijos veikl\u0105 Facebook&#8217;e https:\/\/www.facebook.com\/huntingtonoasociacija\/<\/p>\n\n\n\n<p>&#8230;&#8230;&#8230;&#8230;&#8230;&#8230;&#8230;&#8230;&#8230;&#8230;&#8230;&#8230;&#8230;&#8230;&#8230;&#8230;&#8230;&#8230;&#8230;&#8230;&#8230;&#8230;&#8230;&#8230;&#8230;&#8230;&#8230;&#8230;&#8230;&#8230;&#8230;&#8230;&#8230;&#8230;&#8230;&#8230;&#8230;&#8230;&#8230;&#8230;&#8230;&#8230;&#8230;&#8230;&#8230;&#8230;&#8230;&#8230;&#8230;&#8230;&#8230;&#8230;&#8230;&#8230;&#8230;&#8230;&#8230;&#8230;&#8230;&#8230;&#8230;&#8230;&#8230;&#8230;&#8230;&#8230;&#8230;&#8230;<\/p>\n\n\n\n<p>Huntingtono ligos asociacija nuo 2026 m. sausio m\u0117n iki gruod\u017eio pabaigos \u012fgyvendina Asmen\u0173 su negalia teis\u0117ms ir interesams atstovaujan\u010di\u0173 asociacij\u0173 veiklos r\u0117mimo projekt\u0105 \u201eHuntingtono liga: pagalba, \u0161vietimas ir socialin\u0117 \u012ftrauktis&#8221;. Projekto tikslas \u2013 didinti visuomen\u0117s, specialist\u0173 informuotum\u0105 apie Huntingtono lig\u0105, siekiant ma\u017einti \u0161ia liga sergan\u010di\u0173 ar jos rizik\u0105 turin\u010di\u0173 asmen\u0173 socialin\u0119 atskirt\u012f. Kartu siekiama stiprinti ir ginti sergan\u010di\u0173j\u0173 Huntingtono liga bei j\u0173 \u0161eimos nari\u0173 teises. Projektu numatoma aktyviai atstovauti ne\u012fgali\u0173j\u0173 bei j\u0173 \u0161eimos nari\u0173 teises, teikti ankstyvosios pagalbos paslaugas, vykdyti specialist\u0173 bei visuomen\u0117s \u0161vietim\u0105.<\/p>\n\n\n\n<figure class=\"wp-block-image size-full\"><img decoding=\"async\" loading=\"lazy\" width=\"602\" height=\"170\" src=\"https:\/\/hla.lt\/wp-content\/uploads\/2025\/02\/Picture1.png\" alt=\"\" class=\"wp-image-183\" srcset=\"https:\/\/hla.lt\/wp-content\/uploads\/2025\/02\/Picture1.png 602w, https:\/\/hla.lt\/wp-content\/uploads\/2025\/02\/Picture1-300x85.png 300w, https:\/\/hla.lt\/wp-content\/uploads\/2025\/02\/Picture1-380x107.png 380w\" sizes=\"(max-width: 602px) 100vw, 602px\" \/><\/figure>\n\n\n\n<p>\u0160is projektas finansuojamas Asmens su negalia teisi\u0173 apsaugos agent\u016bros prie Lietuvos Respublikos socialin\u0117s apsaugos ir darbo ministerijos.<\/p>\n\n\n\n<p>&#8230;&#8230;&#8230;&#8230;&#8230;&#8230;&#8230;&#8230;&#8230;&#8230;&#8230;&#8230;&#8230;&#8230;&#8230;&#8230;&#8230;&#8230;&#8230;&#8230;&#8230;&#8230;&#8230;&#8230;&#8230;&#8230;&#8230;&#8230;&#8230;&#8230;&#8230;&#8230;&#8230;&#8230;&#8230;&#8230;&#8230;&#8230;&#8230;&#8230;&#8230;&#8230;&#8230;&#8230;&#8230;&#8230;&#8230;&#8230;&#8230;&#8230;&#8230;&#8230;&#8230;&#8230;&#8230;&#8230;&#8230;&#8230;&#8230;&#8230;&#8230;&#8230;&#8230;&#8230;&#8230;&#8230;&#8230;&#8230;..<\/p>\n\n\n\n<p>2025 metais Huntingtono ligos asociacija \u012fgyvendino Asmens su negalia teisi\u0173 apsaugos agent\u016bros prie Lietuvos Respublikos socialin\u0117s apsaugos ir darbo ministerijos finansuojam\u0105 Asmen\u0173 su negalia teis\u0117ms ir interesams atstovaujan\u010di\u0173 asociacij\u0173 veiklos r\u0117mimo projekt\u0105 \u201eHuntingtono ligos \u017einomumo didinimas \u2013 \u0161vietimas, bendradarbiavimas ir teisi\u0173 gynimas\u201c <\/p>\n\n\n\n<p>Projekto tikslas \u2013 didinti Huntingtono ligos \u017einomum\u0105 siekiant ma\u017einti socialin\u0119 atskirt\u012f \u017emoni\u0173, sergan\u010di\u0173j\u0173 arba turin\u010di\u0173 rizik\u0105 susirgti Huntingtono liga, kartu gerinant ir ginant j\u0173 \u0161eimos nari\u0173 teises. Siekiame aktyviai atstovauti ne\u012fgali\u0173j\u0173 interesams, organizuoti veiklas, skatinan\u010dias j\u0173 teisi\u0173 gynyb\u0105 bei \u0161viesti visuomen\u0119. <\/p>\n\n\n\n<p>\u0160iuo projektu buvo sprend\u017eiama:<\/p>\n\n\n\n<ol>\n<li>informacijos apie ret\u0105 Huntingtono lig\u0105 skleidimo, sergan\u010di\u0173j\u0173, rizik\u0105 turin\u010di\u0173 susirgti, j\u0173 \u0161eim\u0173 bei visuomen\u0117s \u0161vietimo per numatytus renginius, seminarus, konferencijas, el.lai\u0161kus;<\/li>\n\n\n\n<li>bendravimo ir bendradarbiavimo su paslaugas teikian\u010diais asmenimis per seminarus ir paskaitas;<\/li>\n\n\n\n<li>ne\u012fgali\u0173j\u0173 bei \u0161eimos nari\u0173 teisi\u0173 atstovavim\u0105 bei konsultavim\u0105<\/li>\n<\/ol>\n\n\n\n<p>Projekto rezultatai:<\/p>\n\n\n\n<ol>\n<li>I\u0161leistas Huntingtono ligos asociacijos \u017eurnalas Nr.1<\/li>\n<\/ol>\n\n\n\n<div class=\"wp-block-file\"><object class=\"wp-block-file__embed\" data=\"https:\/\/hla.lt\/wp-content\/uploads\/2025\/03\/HD-Zurnalas-1.pdf\" type=\"application\/pdf\" style=\"width:100%;height:600px\" aria-label=\"Embed of Huntingtono ligos asociacijos \u017eurnalas Nr.1.\"><\/object><a id=\"wp-block-file--media-ab9693ed-dd32-45ca-b426-891ac5025e92\" href=\"https:\/\/hla.lt\/wp-content\/uploads\/2025\/03\/HD-Zurnalas-1.pdf\">Huntingtono ligos asociacijos \u017eurnalas Nr.1<\/a><a href=\"https:\/\/hla.lt\/wp-content\/uploads\/2025\/03\/HD-Zurnalas-1.pdf\" class=\"wp-block-file__button wp-element-button\" download aria-describedby=\"wp-block-file--media-ab9693ed-dd32-45ca-b426-891ac5025e92\">Download<\/a><\/div>\n\n\n\n<p>Huntingtono ligos asociacijos \u017durnalas Nr.2<\/p>\n\n\n\n<div class=\"wp-block-file\"><object class=\"wp-block-file__embed\" data=\"https:\/\/hla.lt\/wp-content\/uploads\/2025\/05\/HLA-zurnalas-Nr.2.pdf\" type=\"application\/pdf\" style=\"width:100%;height:600px\" aria-label=\"Embed of HLA-zurnalas-Nr.2.\"><\/object><a id=\"wp-block-file--media-7ad96853-25a5-4e8b-b889-1e307852135e\" href=\"https:\/\/hla.lt\/wp-content\/uploads\/2025\/05\/HLA-zurnalas-Nr.2.pdf\">HLA-zurnalas-Nr.2<\/a><a href=\"https:\/\/hla.lt\/wp-content\/uploads\/2025\/05\/HLA-zurnalas-Nr.2.pdf\" class=\"wp-block-file__button wp-element-button\" download aria-describedby=\"wp-block-file--media-7ad96853-25a5-4e8b-b889-1e307852135e\">Download<\/a><\/div>\n\n\n\n<p><\/p>\n\n\n\n<p>Huntingtono ligos asociacijos \u017eurnalas Nr.3<\/p>\n\n\n\n<div class=\"wp-block-file\"><object class=\"wp-block-file__embed\" data=\"https:\/\/hla.lt\/wp-content\/uploads\/2025\/11\/Zurnalas-3.pdf\" type=\"application\/pdf\" style=\"width:100%;height:600px\" aria-label=\"Embed of Zurnalas-3.\"><\/object><a id=\"wp-block-file--media-279d2d40-14ba-40c0-9b5e-feb596e55781\" href=\"https:\/\/hla.lt\/wp-content\/uploads\/2025\/11\/Zurnalas-3.pdf\">Zurnalas-3<\/a><a href=\"https:\/\/hla.lt\/wp-content\/uploads\/2025\/11\/Zurnalas-3.pdf\" class=\"wp-block-file__button wp-element-button\" download aria-describedby=\"wp-block-file--media-279d2d40-14ba-40c0-9b5e-feb596e55781\">Download<\/a><\/div>\n\n\n\n<p>Huntingtono ligos asociacijos \u017eurnalas nr.4<\/p>\n\n\n\n<p><\/p>\n\n\n\n<div class=\"wp-block-file\"><object class=\"wp-block-file__embed\" data=\"https:\/\/hla.lt\/wp-content\/uploads\/2025\/11\/4-zurnalo-foto.pdf\" type=\"application\/pdf\" style=\"width:100%;height:600px\" aria-label=\"Embed of 4-zurnalo-foto.\"><\/object><a id=\"wp-block-file--media-8d130175-c069-41b2-971e-e251ffc9c860\" href=\"https:\/\/hla.lt\/wp-content\/uploads\/2025\/11\/4-zurnalo-foto.pdf\">4-zurnalo-foto<\/a><a href=\"https:\/\/hla.lt\/wp-content\/uploads\/2025\/11\/4-zurnalo-foto.pdf\" class=\"wp-block-file__button wp-element-button\" download aria-describedby=\"wp-block-file--media-8d130175-c069-41b2-971e-e251ffc9c860\">Download<\/a><\/div>\n\n\n\n<p>\u012evyk\u0119 mokymai &#8211; skaityti \u0161io puslapio skiltyje &#8220;Seminrai, mokymai, susitikimai&#8221; https:\/\/hla.lt\/?page_id=158 <\/p>\n\n\n\n<p>Parengti straipsniai &#8211; https:\/\/hla.lt\/?page_id=59<\/p>\n\n\n\n<p>Projekto \u012fgyvendinimo ataskaita:<\/p>\n\n\n\n<p><\/p>\n","protected":false},"excerpt":{"rendered":"<p>Huntingtono ligos asociacija vienija sergan\u010diuosius, j\u0173 \u0161eimos narius bei medicinos personal\u0105 visose Lietuvos apskrityse. Nor\u0117dami pasikonsultuoti, i\u0161sipasakoti, pasitarti ar susitikti su esan\u010diu J\u016bs\u0173 apskrityje koordinatoriumi galite para\u0161yti mums el.pa\u0161tu: hdasociacija@gmail.com arba tel. +370 690 25 819. Konfidencialumas garantuojamas. &#8230;&#8230;&#8230;&#8230;&#8230;&#8230;&#8230;&#8230;&#8230;&#8230;&#8230;&#8230;&#8230;&#8230;&#8230;&#8230;&#8230;&#8230;&#8230;&#8230;&#8230;&#8230;&#8230;&#8230;&#8230;&#8230;&#8230;&#8230;&#8230;&#8230;&#8230;&#8230;&#8230;&#8230;&#8230;&#8230;&#8230;&#8230;&#8230;&#8230;&#8230;&#8230;&#8230;&#8230;&#8230;&#8230;&#8230;&#8230;&#8230;&#8230;&#8230;&#8230;&#8230;&#8230;&#8230;&#8230;&#8230;&#8230;&#8230;&#8230;&#8230;&#8230;&#8230;&#8230;&#8230;&#8230;.. Steb\u0117kite Hungtingtono ligos asociacijos veikl\u0105 Facebook&#8217;e https:\/\/www.facebook.com\/huntingtonoasociacija\/ &#8230;&#8230;&#8230;&#8230;&#8230;&#8230;&#8230;&#8230;&#8230;&#8230;&#8230;&#8230;&#8230;&#8230;&#8230;&#8230;&#8230;&#8230;&#8230;&#8230;&#8230;&#8230;&#8230;&#8230;&#8230;&#8230;&#8230;&#8230;&#8230;&#8230;&#8230;&#8230;&#8230;&#8230;&#8230;&#8230;&#8230;&#8230;&#8230;&#8230;&#8230;&#8230;&#8230;&#8230;&#8230;&#8230;&#8230;&#8230;&#8230;&#8230;&#8230;&#8230;&#8230;&#8230;&#8230;&#8230;&#8230;&#8230;&#8230;&#8230;&#8230;&#8230;&#8230;&#8230;&#8230;&#8230;&#8230;&#8230; Huntingtono ligos asociacija nuo 2026 m. sausio m\u0117n<span class=\"post-excerpt-end\">&hellip;<\/span><\/p>\n<p class=\"more-link\"><a href=\"https:\/\/hla.lt\/\" class=\"themebutton\">Read More<\/a><\/p>\n","protected":false},"author":1,"featured_media":0,"parent":0,"menu_order":0,"comment_status":"closed","ping_status":"open","template":"","meta":[],"_links":{"self":[{"href":"https:\/\/hla.lt\/index.php?rest_route=\/wp\/v2\/pages\/2"}],"collection":[{"href":"https:\/\/hla.lt\/index.php?rest_route=\/wp\/v2\/pages"}],"about":[{"href":"https:\/\/hla.lt\/index.php?rest_route=\/wp\/v2\/types\/page"}],"author":[{"embeddable":true,"href":"https:\/\/hla.lt\/index.php?rest_route=\/wp\/v2\/users\/1"}],"replies":[{"embeddable":true,"href":"https:\/\/hla.lt\/index.php?rest_route=%2Fwp%2Fv2%2Fcomments&post=2"}],"version-history":[{"count":30,"href":"https:\/\/hla.lt\/index.php?rest_route=\/wp\/v2\/pages\/2\/revisions"}],"predecessor-version":[{"id":245,"href":"https:\/\/hla.lt\/index.php?rest_route=\/wp\/v2\/pages\/2\/revisions\/245"}],"wp:attachment":[{"href":"https:\/\/hla.lt\/index.php?rest_route=%2Fwp%2Fv2%2Fmedia&parent=2"}],"curies":[{"name":"wp","href":"https:\/\/api.w.org\/{rel}","templated":true}]}}