{"id":112,"date":"2024-05-27T12:54:16","date_gmt":"2024-05-27T12:54:16","guid":{"rendered":"https:\/\/hla.lt\/?page_id=112"},"modified":"2025-04-29T07:22:30","modified_gmt":"2025-04-29T07:22:30","slug":"metines-ataskaitos","status":"publish","type":"page","link":"https:\/\/hla.lt\/?page_id=112","title":{"rendered":"Metin\u0117s ataskaitos"},"content":{"rendered":"\n<p>2024 met\u0173<\/p>\n\n\n\n<div class=\"wp-block-file\"><object class=\"wp-block-file__embed\" data=\"https:\/\/hla.lt\/wp-content\/uploads\/2025\/04\/Asociacijos_veiklos_ataskaitos_forma2024.pdf\" type=\"application\/pdf\" style=\"width:100%;height:600px\" aria-label=\"Embed of Asociacijos_veiklos_ataskaitos_forma2024.\"><\/object><a id=\"wp-block-file--media-532bbc0a-b597-430b-ba38-3b658b1b2aed\" href=\"https:\/\/hla.lt\/wp-content\/uploads\/2025\/04\/Asociacijos_veiklos_ataskaitos_forma2024.pdf\">Asociacijos_veiklos_ataskaitos_forma2024<\/a><a href=\"https:\/\/hla.lt\/wp-content\/uploads\/2025\/04\/Asociacijos_veiklos_ataskaitos_forma2024.pdf\" class=\"wp-block-file__button wp-element-button\" download aria-describedby=\"wp-block-file--media-532bbc0a-b597-430b-ba38-3b658b1b2aed\">Download<\/a><\/div>\n\n\n\n<div class=\"wp-block-file\"><object class=\"wp-block-file__embed\" data=\"https:\/\/hla.lt\/wp-content\/uploads\/2025\/04\/FS0234_000914411010.pdf\" type=\"application\/pdf\" style=\"width:100%;height:600px\" aria-label=\"Embed of FS0234_000914411010.\"><\/object><a id=\"wp-block-file--media-87209109-e74d-43be-9c08-d599ee75e0e3\" href=\"https:\/\/hla.lt\/wp-content\/uploads\/2025\/04\/FS0234_000914411010.pdf\">FS0234_000914411010<\/a><a href=\"https:\/\/hla.lt\/wp-content\/uploads\/2025\/04\/FS0234_000914411010.pdf\" class=\"wp-block-file__button wp-element-button\" download aria-describedby=\"wp-block-file--media-87209109-e74d-43be-9c08-d599ee75e0e3\">Download<\/a><\/div>\n\n\n\n<p><\/p>\n\n\n\n<p>2023 met\u0173<\/p>\n\n\n\n<div class=\"wp-block-file\"><object class=\"wp-block-file__embed\" data=\"https:\/\/hla.lt\/wp-content\/uploads\/2024\/05\/FS0134_000914411009-1.pdf\" type=\"application\/pdf\" style=\"width:100%;height:600px\" aria-label=\"Embed of FS0134_000914411009-1.\"><\/object><a id=\"wp-block-file--media-14641a9d-11b1-4a56-8884-d5cddf0b246d\" href=\"https:\/\/hla.lt\/wp-content\/uploads\/2024\/05\/FS0134_000914411009-1.pdf\">FS0134_000914411009-1<\/a><a href=\"https:\/\/hla.lt\/wp-content\/uploads\/2024\/05\/FS0134_000914411009-1.pdf\" class=\"wp-block-file__button wp-element-button\" download aria-describedby=\"wp-block-file--media-14641a9d-11b1-4a56-8884-d5cddf0b246d\">Download<\/a><\/div>\n\n\n\n<div class=\"wp-block-file\"><object class=\"wp-block-file__embed\" data=\"https:\/\/hla.lt\/wp-content\/uploads\/2024\/05\/Veiklosataskaita2023-2.pdf\" type=\"application\/pdf\" style=\"width:100%;height:600px\" aria-label=\"Embed of Veiklosataskaita2023-2.\"><\/object><a id=\"wp-block-file--media-0b60b497-515f-451d-8d31-d235e2fe63c5\" href=\"https:\/\/hla.lt\/wp-content\/uploads\/2024\/05\/Veiklosataskaita2023-2.pdf\">Veiklosataskaita2023-2<\/a><a href=\"https:\/\/hla.lt\/wp-content\/uploads\/2024\/05\/Veiklosataskaita2023-2.pdf\" class=\"wp-block-file__button wp-element-button\" download aria-describedby=\"wp-block-file--media-0b60b497-515f-451d-8d31-d235e2fe63c5\">Download<\/a><\/div>\n\n\n\n<div class=\"wp-block-file\"><object class=\"wp-block-file__embed\" data=\"https:\/\/hla.lt\/wp-content\/uploads\/2024\/05\/HDA-AISKINAMASIS-RASTAS-2023.pdf\" type=\"application\/pdf\" style=\"width:100%;height:600px\" aria-label=\"Embed of HDA-AISKINAMASIS-RASTAS-2023.\"><\/object><a id=\"wp-block-file--media-ee589311-f305-409b-a844-20da1d4e0d96\" href=\"https:\/\/hla.lt\/wp-content\/uploads\/2024\/05\/HDA-AISKINAMASIS-RASTAS-2023.pdf\">HDA-AISKINAMASIS-RASTAS-2023<\/a><a href=\"https:\/\/hla.lt\/wp-content\/uploads\/2024\/05\/HDA-AISKINAMASIS-RASTAS-2023.pdf\" class=\"wp-block-file__button wp-element-button\" download aria-describedby=\"wp-block-file--media-ee589311-f305-409b-a844-20da1d4e0d96\">Download<\/a><\/div>\n\n\n\n<p>2022 met\u0173<\/p>\n\n\n\n<div class=\"wp-block-file\"><object class=\"wp-block-file__embed\" data=\"https:\/\/hla.lt\/wp-content\/uploads\/2024\/05\/2022-FS0134_000914411008-1.pdf\" type=\"application\/pdf\" style=\"width:100%;height:600px\" aria-label=\"Embed of 2022-FS0134_000914411008-1.\"><\/object><a id=\"wp-block-file--media-c508fe6d-446c-46c5-8cdb-cc23bad438a6\" href=\"https:\/\/hla.lt\/wp-content\/uploads\/2024\/05\/2022-FS0134_000914411008-1.pdf\">2022-FS0134_000914411008-1<\/a><a href=\"https:\/\/hla.lt\/wp-content\/uploads\/2024\/05\/2022-FS0134_000914411008-1.pdf\" class=\"wp-block-file__button wp-element-button\" download aria-describedby=\"wp-block-file--media-c508fe6d-446c-46c5-8cdb-cc23bad438a6\">Download<\/a><\/div>\n\n\n\n<div class=\"wp-block-file\"><object class=\"wp-block-file__embed\" data=\"https:\/\/hla.lt\/wp-content\/uploads\/2024\/05\/2022-HUNTINGTONOLIGOSASOCIACIJOS2021MET-VEIKLOSATASKAITA-1.pdf\" type=\"application\/pdf\" style=\"width:100%;height:600px\" aria-label=\"Embed of 2022-HUNTINGTONOLIGOSASOCIACIJOS2021MET-VEIKLOSATASKAITA-1.\"><\/object><a id=\"wp-block-file--media-ef926de6-d99c-4af6-832f-7d9758ebf994\" href=\"https:\/\/hla.lt\/wp-content\/uploads\/2024\/05\/2022-HUNTINGTONOLIGOSASOCIACIJOS2021MET-VEIKLOSATASKAITA-1.pdf\">2022-HUNTINGTONOLIGOSASOCIACIJOS2021MET-VEIKLOSATASKAITA-1<\/a><a href=\"https:\/\/hla.lt\/wp-content\/uploads\/2024\/05\/2022-HUNTINGTONOLIGOSASOCIACIJOS2021MET-VEIKLOSATASKAITA-1.pdf\" class=\"wp-block-file__button wp-element-button\" download aria-describedby=\"wp-block-file--media-ef926de6-d99c-4af6-832f-7d9758ebf994\">Download<\/a><\/div>\n\n\n\n<p>2021 met\u0173<\/p>\n\n\n\n<div class=\"wp-block-file\"><object class=\"wp-block-file__embed\" data=\"https:\/\/hla.lt\/wp-content\/uploads\/2024\/05\/2021-FS0323_000914411007-1.pdf\" type=\"application\/pdf\" style=\"width:100%;height:600px\" aria-label=\"Embed of 2021-FS0323_000914411007-1.\"><\/object><a id=\"wp-block-file--media-b67ee23d-64c8-4ceb-918d-46ea0e2fa453\" href=\"https:\/\/hla.lt\/wp-content\/uploads\/2024\/05\/2021-FS0323_000914411007-1.pdf\">2021-FS0323_000914411007-1<\/a><a href=\"https:\/\/hla.lt\/wp-content\/uploads\/2024\/05\/2021-FS0323_000914411007-1.pdf\" class=\"wp-block-file__button wp-element-button\" download aria-describedby=\"wp-block-file--media-b67ee23d-64c8-4ceb-918d-46ea0e2fa453\">Download<\/a><\/div>\n\n\n\n<div class=\"wp-block-file\"><object class=\"wp-block-file__embed\" data=\"https:\/\/hla.lt\/wp-content\/uploads\/2024\/05\/2021-HDAAI-KINAMASISRA-TAS2021-1.pdf\" type=\"application\/pdf\" style=\"width:100%;height:600px\" aria-label=\"Embed of 2021-HDAAI-KINAMASISRA-TAS2021-1.\"><\/object><a id=\"wp-block-file--media-efe3edbb-722c-4e8a-84c0-520aa5017599\" href=\"https:\/\/hla.lt\/wp-content\/uploads\/2024\/05\/2021-HDAAI-KINAMASISRA-TAS2021-1.pdf\">2021-HDAAI-KINAMASISRA-TAS2021-1<\/a><a href=\"https:\/\/hla.lt\/wp-content\/uploads\/2024\/05\/2021-HDAAI-KINAMASISRA-TAS2021-1.pdf\" class=\"wp-block-file__button wp-element-button\" download aria-describedby=\"wp-block-file--media-efe3edbb-722c-4e8a-84c0-520aa5017599\">Download<\/a><\/div>\n\n\n\n<div class=\"wp-block-file\"><object class=\"wp-block-file__embed\" data=\"https:\/\/hla.lt\/wp-content\/uploads\/2024\/05\/2021-HUNTINGTONOLIGOSASOCIACIJOS2021MET-VEIKLOSATASKAITA-1.pdf\" type=\"application\/pdf\" style=\"width:100%;height:600px\" aria-label=\"Embed of 2021-HUNTINGTONOLIGOSASOCIACIJOS2021MET-VEIKLOSATASKAITA-1.\"><\/object><a id=\"wp-block-file--media-a09f7b3e-5d22-4079-a016-f1375300d8d1\" href=\"https:\/\/hla.lt\/wp-content\/uploads\/2024\/05\/2021-HUNTINGTONOLIGOSASOCIACIJOS2021MET-VEIKLOSATASKAITA-1.pdf\">2021-HUNTINGTONOLIGOSASOCIACIJOS2021MET-VEIKLOSATASKAITA-1<\/a><a href=\"https:\/\/hla.lt\/wp-content\/uploads\/2024\/05\/2021-HUNTINGTONOLIGOSASOCIACIJOS2021MET-VEIKLOSATASKAITA-1.pdf\" class=\"wp-block-file__button wp-element-button\" download aria-describedby=\"wp-block-file--media-a09f7b3e-5d22-4079-a016-f1375300d8d1\">Download<\/a><\/div>\n\n\n\n<p>2020 met\u0173<\/p>\n\n\n\n<div class=\"wp-block-file\"><object class=\"wp-block-file__embed\" data=\"https:\/\/hla.lt\/wp-content\/uploads\/2024\/05\/Veiklosataskaita2020pateikta-1.pdf\" type=\"application\/pdf\" style=\"width:100%;height:600px\" aria-label=\"Embed of Veiklosataskaita2020pateikta-1.\"><\/object><a id=\"wp-block-file--media-47070e83-d594-434c-9da6-05255214d710\" href=\"https:\/\/hla.lt\/wp-content\/uploads\/2024\/05\/Veiklosataskaita2020pateikta-1.pdf\">Veiklosataskaita2020pateikta-1<\/a><a href=\"https:\/\/hla.lt\/wp-content\/uploads\/2024\/05\/Veiklosataskaita2020pateikta-1.pdf\" class=\"wp-block-file__button wp-element-button\" download aria-describedby=\"wp-block-file--media-47070e83-d594-434c-9da6-05255214d710\">Download<\/a><\/div>\n\n\n\n<div class=\"wp-block-file\"><object class=\"wp-block-file__embed\" data=\"https:\/\/hla.lt\/wp-content\/uploads\/2024\/05\/PelnoNesiekianciubalansoforma2020pateikta-1.pdf\" type=\"application\/pdf\" style=\"width:100%;height:600px\" aria-label=\"Embed of PelnoNesiekianciubalansoforma2020pateikta-1.\"><\/object><a id=\"wp-block-file--media-502fa588-7603-473f-8a8f-5d911ba63274\" href=\"https:\/\/hla.lt\/wp-content\/uploads\/2024\/05\/PelnoNesiekianciubalansoforma2020pateikta-1.pdf\">PelnoNesiekianciubalansoforma2020pateikta-1<\/a><a href=\"https:\/\/hla.lt\/wp-content\/uploads\/2024\/05\/PelnoNesiekianciubalansoforma2020pateikta-1.pdf\" class=\"wp-block-file__button wp-element-button\" download aria-describedby=\"wp-block-file--media-502fa588-7603-473f-8a8f-5d911ba63274\">Download<\/a><\/div>\n\n\n\n<div class=\"wp-block-file\"><object class=\"wp-block-file__embed\" data=\"https:\/\/hla.lt\/wp-content\/uploads\/2024\/05\/HDAAI-KINAMASISRA-TAS2020pateikta-1.pdf\" type=\"application\/pdf\" style=\"width:100%;height:600px\" aria-label=\"Embed of HDAAI-KINAMASISRA-TAS2020pateikta-1.\"><\/object><a id=\"wp-block-file--media-f3d1c721-e327-49ce-a48f-8f95ea9da0e9\" href=\"https:\/\/hla.lt\/wp-content\/uploads\/2024\/05\/HDAAI-KINAMASISRA-TAS2020pateikta-1.pdf\">HDAAI-KINAMASISRA-TAS2020pateikta-1<\/a><a href=\"https:\/\/hla.lt\/wp-content\/uploads\/2024\/05\/HDAAI-KINAMASISRA-TAS2020pateikta-1.pdf\" class=\"wp-block-file__button wp-element-button\" download aria-describedby=\"wp-block-file--media-f3d1c721-e327-49ce-a48f-8f95ea9da0e9\">Download<\/a><\/div>\n","protected":false},"excerpt":{"rendered":"<p>2024 met\u0173 2023 met\u0173 2022 met\u0173 2021 met\u0173 2020 met\u0173<\/p>\n","protected":false},"author":1,"featured_media":0,"parent":0,"menu_order":0,"comment_status":"closed","ping_status":"closed","template":"","meta":[],"_links":{"self":[{"href":"https:\/\/hla.lt\/index.php?rest_route=\/wp\/v2\/pages\/112"}],"collection":[{"href":"https:\/\/hla.lt\/index.php?rest_route=\/wp\/v2\/pages"}],"about":[{"href":"https:\/\/hla.lt\/index.php?rest_route=\/wp\/v2\/types\/page"}],"author":[{"embeddable":true,"href":"https:\/\/hla.lt\/index.php?rest_route=\/wp\/v2\/users\/1"}],"replies":[{"embeddable":true,"href":"https:\/\/hla.lt\/index.php?rest_route=%2Fwp%2Fv2%2Fcomments&post=112"}],"version-history":[{"count":2,"href":"https:\/\/hla.lt\/index.php?rest_route=\/wp\/v2\/pages\/112\/revisions"}],"predecessor-version":[{"id":193,"href":"https:\/\/hla.lt\/index.php?rest_route=\/wp\/v2\/pages\/112\/revisions\/193"}],"wp:attachment":[{"href":"https:\/\/hla.lt\/index.php?rest_route=%2Fwp%2Fv2%2Fmedia&parent=112"}],"curies":[{"name":"wp","href":"https:\/\/api.w.org\/{rel}","templated":true}]}}